{"id":3739,"date":"2022-09-21T03:52:00","date_gmt":"2022-09-21T03:52:00","guid":{"rendered":"https:\/\/remora.ma\/?page_id=3739"},"modified":"2024-09-17T16:26:39","modified_gmt":"2024-09-17T15:26:39","slug":"industrial-projects","status":"publish","type":"page","link":"https:\/\/remora.ma\/en\/industrial-projects\/","title":{"rendered":"Industrial Projects"},"content":{"rendered":"<div data-elementor-type=\"wp-page\" data-elementor-id=\"3739\" class=\"elementor elementor-3739\">\n\t\t\t\t\t\t<section class=\"elementor-section elementor-top-section elementor-element elementor-element-92bc3d9 elementor-section-boxed elementor-section-height-default elementor-section-height-default\" data-id=\"92bc3d9\" data-element_type=\"section\" data-e-type=\"section\">\n\t\t\t\t\t\t<div class=\"elementor-container elementor-column-gap-default\">\n\t\t\t\t\t<div class=\"elementor-column elementor-col-100 elementor-top-column elementor-element elementor-element-fd3f671\" data-id=\"fd3f671\" data-element_type=\"column\" data-e-type=\"column\">\n\t\t\t<div class=\"elementor-widget-wrap elementor-element-populated\">\n\t\t\t\t\t\t<div class=\"elementor-element elementor-element-9db9a20 elementor-widget elementor-widget-ova_elementor_project_box\" data-id=\"9db9a20\" data-element_type=\"widget\" data-e-type=\"widget\" data-widget_type=\"ova_elementor_project_box.default\">\n\t\t\t\t<div class=\"elementor-widget-container\">\n\t\t\t\t\t\n<div class=\"ova-project-box-elementor three_column\">\n\n\t\n\t\t\n\t<div class=\"ova-project-box-template ova-project-box-template1\">\n\n\t    <div class=\"img-project\">\n\t    \t<a href=\"https:\/\/remora.ma\/en\/projects\/moulin-a-farine-600t-total\/\"  title=\"600T Total Flour Mill\">\n\t    \t\t<img decoding=\"async\" src=\"https:\/\/remora.ma\/wp-content\/uploads\/2024\/09\/Moulin-a-Farine-600T-Total-600x480.jpg\" alt=\"Moulin \u00e0 Farine 600T Total\">\n\t    \t<\/a>\n\t    <\/div>\n\n\t    <div class=\"info\">\n            \n            \t\t\t\t<a class=\"category\" href=\"https:\/\/remora.ma\/en\/category_project\/industrie\/\">\n\t\t\t\t\tIndustry\t\t\t\t<\/a>\n            \n\t    \t<a href=\"https:\/\/remora.ma\/en\/projects\/moulin-a-farine-600t-total\/\"  title=\"600T Total Flour Mill\">\n\n\t\t        \t\t\t\t\t<h4 class=\"title\">\n\t\t\t\t\t\t600T Total Flour Mill\t\t\t\t\t<\/h4>\n\t\t\t\t\n\t\t\t<\/a>\n\n\t\t\t<a class=\"next-button\" href=\"https:\/\/remora.ma\/en\/projects\/moulin-a-farine-600t-total\/\"  title=\"600T Total Flour Mill\">\n                <i aria-hidden=\"true\" class=\"flaticon flaticon-right-arrow\"><\/i>\n\t\t\t<\/a>\n\t\t\t\n\t    <\/div>\n\n\t<\/div>\t\n\t\n\t\t\n\t<div class=\"ova-project-box-template ova-project-box-template1\">\n\n\t    <div class=\"img-project\">\n\t    \t<a href=\"https:\/\/remora.ma\/en\/projects\/stockage-de-ble-orge-et-mais\/\"  title=\"Storage of Wheat, Barley and Corn\">\n\t    \t\t<img decoding=\"async\" src=\"https:\/\/remora.ma\/wp-content\/uploads\/2024\/09\/Stockage-de-blet-600x480.jpg\" alt=\"Stockage de Bl\u00e9, Orge et Ma\u00efs\">\n\t    \t<\/a>\n\t    <\/div>\n\n\t    <div class=\"info\">\n            \n            \t\t\t\t<a class=\"category\" href=\"https:\/\/remora.ma\/en\/category_project\/industrie\/\">\n\t\t\t\t\tIndustry\t\t\t\t<\/a>\n            \n\t    \t<a href=\"https:\/\/remora.ma\/en\/projects\/stockage-de-ble-orge-et-mais\/\"  title=\"Storage of Wheat, Barley and Corn\">\n\n\t\t        \t\t\t\t\t<h4 class=\"title\">\n\t\t\t\t\t\tStorage of Wheat, Barley and Corn\t\t\t\t\t<\/h4>\n\t\t\t\t\n\t\t\t<\/a>\n\n\t\t\t<a class=\"next-button\" href=\"https:\/\/remora.ma\/en\/projects\/stockage-de-ble-orge-et-mais\/\"  title=\"Storage of Wheat, Barley and Corn\">\n                <i aria-hidden=\"true\" class=\"flaticon flaticon-right-arrow\"><\/i>\n\t\t\t<\/a>\n\t\t\t\n\t    <\/div>\n\n\t<\/div>\t\n\t\n\t\t\n\t<div class=\"ova-project-box-template ova-project-box-template1\">\n\n\t    <div class=\"img-project\">\n\t    \t<a href=\"https:\/\/remora.ma\/en\/projects\/projet-2x600-t-24h-ocrim-sawamaee-al-ghilal\/\"  title=\"Projet 2&#215;600 t \/24h Ocrim Sawamaee Al Ghilal\">\n\t    \t\t<img decoding=\"async\" src=\"https:\/\/remora.ma\/wp-content\/uploads\/2024\/09\/PROJET-2X600-T-24H-OCRIM-SAWAMAEE-AL-GHILAL-600x480.jpg\" alt=\"Projet 2&#215;600 t \/24h Ocrim Sawamaee Al Ghilal\">\n\t    \t<\/a>\n\t    <\/div>\n\n\t    <div class=\"info\">\n            \n            \t\t\t\t<a class=\"category\" href=\"https:\/\/remora.ma\/en\/category_project\/industrie\/\">\n\t\t\t\t\tIndustry\t\t\t\t<\/a>\n            \n\t    \t<a href=\"https:\/\/remora.ma\/en\/projects\/projet-2x600-t-24h-ocrim-sawamaee-al-ghilal\/\"  title=\"Projet 2&#215;600 t \/24h Ocrim Sawamaee Al Ghilal\">\n\n\t\t        \t\t\t\t\t<h4 class=\"title\">\n\t\t\t\t\t\t2x600 t\/24h Ocirm Sawamaee Al Ghilal Project\t\t\t\t\t<\/h4>\n\t\t\t\t\n\t\t\t<\/a>\n\n\t\t\t<a class=\"next-button\" href=\"https:\/\/remora.ma\/en\/projects\/projet-2x600-t-24h-ocrim-sawamaee-al-ghilal\/\"  title=\"Projet 2&#215;600 t \/24h Ocrim Sawamaee Al Ghilal\">\n                <i aria-hidden=\"true\" class=\"flaticon flaticon-right-arrow\"><\/i>\n\t\t\t<\/a>\n\t\t\t\n\t    <\/div>\n\n\t<\/div>\t\n\t\n\t\t\n\t<div class=\"ova-project-box-template ova-project-box-template1\">\n\n\t    <div class=\"img-project\">\n\t    \t<a href=\"https:\/\/remora.ma\/en\/projects\/construction-de-moulin-a-farine-700t-24h\/\"  title=\"700T\/24H Flour Mill Construction\">\n\t    \t\t<img decoding=\"async\" src=\"https:\/\/remora.ma\/wp-content\/uploads\/2024\/09\/Construction-de-Moulin-a-Farine-700T-24H-600x480.jpg\" alt=\"Construction de Moulin \u00e0 Farine 700T\/24H\">\n\t    \t<\/a>\n\t    <\/div>\n\n\t    <div class=\"info\">\n            \n            \t\t\t\t<a class=\"category\" href=\"https:\/\/remora.ma\/en\/category_project\/industrie\/\">\n\t\t\t\t\tIndustry\t\t\t\t<\/a>\n            \n\t    \t<a href=\"https:\/\/remora.ma\/en\/projects\/construction-de-moulin-a-farine-700t-24h\/\"  title=\"700T\/24H Flour Mill Construction\">\n\n\t\t        \t\t\t\t\t<h4 class=\"title\">\n\t\t\t\t\t\t700T\/24H Flour Mill Construction\t\t\t\t\t<\/h4>\n\t\t\t\t\n\t\t\t<\/a>\n\n\t\t\t<a class=\"next-button\" href=\"https:\/\/remora.ma\/en\/projects\/construction-de-moulin-a-farine-700t-24h\/\"  title=\"700T\/24H Flour Mill Construction\">\n                <i aria-hidden=\"true\" class=\"flaticon flaticon-right-arrow\"><\/i>\n\t\t\t<\/a>\n\t\t\t\n\t    <\/div>\n\n\t<\/div>\t\n\t\n\t\t\n\t<div class=\"ova-project-box-template ova-project-box-template1\">\n\n\t    <div class=\"img-project\">\n\t    \t<a href=\"https:\/\/remora.ma\/en\/projects\/moulin-a-farine-1200t-total\/\"  title=\"1200T Total Flour Mill\">\n\t    \t\t<img decoding=\"async\" src=\"https:\/\/remora.ma\/wp-content\/uploads\/2024\/09\/Moulin-a-Farine-1200T-Total-600x480.jpg\" alt=\"Moulin \u00e0 Farine 1200T Total\">\n\t    \t<\/a>\n\t    <\/div>\n\n\t    <div class=\"info\">\n            \n            \t\t\t\t<a class=\"category\" href=\"https:\/\/remora.ma\/en\/category_project\/industrie\/\">\n\t\t\t\t\tIndustry\t\t\t\t<\/a>\n            \n\t    \t<a href=\"https:\/\/remora.ma\/en\/projects\/moulin-a-farine-1200t-total\/\"  title=\"1200T Total Flour Mill\">\n\n\t\t        \t\t\t\t\t<h4 class=\"title\">\n\t\t\t\t\t\t1200T Total Flour Mill\t\t\t\t\t<\/h4>\n\t\t\t\t\n\t\t\t<\/a>\n\n\t\t\t<a class=\"next-button\" href=\"https:\/\/remora.ma\/en\/projects\/moulin-a-farine-1200t-total\/\"  title=\"1200T Total Flour Mill\">\n                <i aria-hidden=\"true\" class=\"flaticon flaticon-right-arrow\"><\/i>\n\t\t\t<\/a>\n\t\t\t\n\t    <\/div>\n\n\t<\/div>\t\n\t\n\t\t\n\t<div class=\"ova-project-box-template ova-project-box-template1\">\n\n\t    <div class=\"img-project\">\n\t    \t<a href=\"https:\/\/remora.ma\/en\/projects\/stockage-dorge-et-de-malt\/\"  title=\"Stockage d&rsquo;Orge et de Malt\">\n\t    \t\t<img decoding=\"async\" src=\"https:\/\/remora.ma\/wp-content\/uploads\/2024\/09\/Stockage-dorge-et-de-malt-600x480.jpg\" alt=\"Stockage d&rsquo;Orge et de Malt\">\n\t    \t<\/a>\n\t    <\/div>\n\n\t    <div class=\"info\">\n            \n            \t\t\t\t<a class=\"category\" href=\"https:\/\/remora.ma\/en\/category_project\/industrie\/\">\n\t\t\t\t\tIndustry\t\t\t\t<\/a>\n            \n\t    \t<a href=\"https:\/\/remora.ma\/en\/projects\/stockage-dorge-et-de-malt\/\"  title=\"Stockage d&rsquo;Orge et de Malt\">\n\n\t\t        \t\t\t\t\t<h4 class=\"title\">\n\t\t\t\t\t\tBarley and Malt Storage\t\t\t\t\t<\/h4>\n\t\t\t\t\n\t\t\t<\/a>\n\n\t\t\t<a class=\"next-button\" href=\"https:\/\/remora.ma\/en\/projects\/stockage-dorge-et-de-malt\/\"  title=\"Stockage d&rsquo;Orge et de Malt\">\n                <i aria-hidden=\"true\" class=\"flaticon flaticon-right-arrow\"><\/i>\n\t\t\t<\/a>\n\t\t\t\n\t    <\/div>\n\n\t<\/div>\t\n\t\n\t\t\n\t<div class=\"ova-project-box-template ova-project-box-template1\">\n\n\t    <div class=\"img-project\">\n\t    \t<a href=\"https:\/\/remora.ma\/en\/projects\/stockage-de-ble-et-orge\/\"  title=\"Wheat and Barley Storage\">\n\t    \t\t<img decoding=\"async\" src=\"https:\/\/remora.ma\/wp-content\/uploads\/2024\/10\/Stockage-de-blet-600x480.jpg\" alt=\"Stockage de Bl\u00e9 et Orge\">\n\t    \t<\/a>\n\t    <\/div>\n\n\t    <div class=\"info\">\n            \n            \t\t\t\t<a class=\"category\" href=\"https:\/\/remora.ma\/en\/category_project\/industrie\/\">\n\t\t\t\t\tIndustry\t\t\t\t<\/a>\n            \n\t    \t<a href=\"https:\/\/remora.ma\/en\/projects\/stockage-de-ble-et-orge\/\"  title=\"Wheat and Barley Storage\">\n\n\t\t        \t\t\t\t\t<h4 class=\"title\">\n\t\t\t\t\t\tWheat and Barley Storage\t\t\t\t\t<\/h4>\n\t\t\t\t\n\t\t\t<\/a>\n\n\t\t\t<a class=\"next-button\" href=\"https:\/\/remora.ma\/en\/projects\/stockage-de-ble-et-orge\/\"  title=\"Wheat and Barley Storage\">\n                <i aria-hidden=\"true\" class=\"flaticon flaticon-right-arrow\"><\/i>\n\t\t\t<\/a>\n\t\t\t\n\t    <\/div>\n\n\t<\/div>\t\n\t\n\t\t\n\t<div class=\"ova-project-box-template ova-project-box-template1\">\n\n\t    <div class=\"img-project\">\n\t    \t<a href=\"https:\/\/remora.ma\/en\/projects\/moulin-a-farine-350t-24h\/\"  title=\"350T\/24H Flour Mill\">\n\t    \t\t<img decoding=\"async\" src=\"https:\/\/remora.ma\/wp-content\/uploads\/2024\/09\/Moulin-a-Farine-350T-24H-600x480.jpg\" alt=\"Moulin \u00e0 Farine 350T\/24H\">\n\t    \t<\/a>\n\t    <\/div>\n\n\t    <div class=\"info\">\n            \n            \t\t\t\t<a class=\"category\" href=\"https:\/\/remora.ma\/en\/category_project\/industrie\/\">\n\t\t\t\t\tIndustry\t\t\t\t<\/a>\n            \n\t    \t<a href=\"https:\/\/remora.ma\/en\/projects\/moulin-a-farine-350t-24h\/\"  title=\"350T\/24H Flour Mill\">\n\n\t\t        \t\t\t\t\t<h4 class=\"title\">\n\t\t\t\t\t\t350T\/24H Flour Mill\t\t\t\t\t<\/h4>\n\t\t\t\t\n\t\t\t<\/a>\n\n\t\t\t<a class=\"next-button\" href=\"https:\/\/remora.ma\/en\/projects\/moulin-a-farine-350t-24h\/\"  title=\"350T\/24H Flour Mill\">\n                <i aria-hidden=\"true\" class=\"flaticon flaticon-right-arrow\"><\/i>\n\t\t\t<\/a>\n\t\t\t\n\t    <\/div>\n\n\t<\/div>\t\n\t\n\t\t\n\t<div class=\"ova-project-box-template ova-project-box-template1\">\n\n\t    <div class=\"img-project\">\n\t    \t<a href=\"https:\/\/remora.ma\/en\/projects\/dechargeur-de-grains-800tph\/\"  title=\"800TPH Grain Unloader\">\n\t    \t\t<img decoding=\"async\" src=\"https:\/\/remora.ma\/wp-content\/uploads\/2024\/09\/Dechargeur-de-grains-600x480.jpg\" alt=\"D\u00e9chargeur de Grains 800TPH\">\n\t    \t<\/a>\n\t    <\/div>\n\n\t    <div class=\"info\">\n            \n            \t\t\t\t<a class=\"category\" href=\"https:\/\/remora.ma\/en\/category_project\/industrie\/\">\n\t\t\t\t\tIndustry\t\t\t\t<\/a>\n            \n\t    \t<a href=\"https:\/\/remora.ma\/en\/projects\/dechargeur-de-grains-800tph\/\"  title=\"800TPH Grain Unloader\">\n\n\t\t        \t\t\t\t\t<h4 class=\"title\">\n\t\t\t\t\t\t800TPH Grain Unloader\t\t\t\t\t<\/h4>\n\t\t\t\t\n\t\t\t<\/a>\n\n\t\t\t<a class=\"next-button\" href=\"https:\/\/remora.ma\/en\/projects\/dechargeur-de-grains-800tph\/\"  title=\"800TPH Grain Unloader\">\n                <i aria-hidden=\"true\" class=\"flaticon flaticon-right-arrow\"><\/i>\n\t\t\t<\/a>\n\t\t\t\n\t    <\/div>\n\n\t<\/div>\t\n\t\n<\/div>\t\t\t\t<\/div>\n\t\t\t\t<\/div>\n\t\t\t\t\t<\/div>\n\t\t<\/div>\n\t\t\t\t\t<\/div>\n\t\t<\/section>\n\t\t\t\t<\/div>","protected":false},"excerpt":{"rendered":"<p>Industrie Moulin \u00e0 Farine 600T Total Industrie Stockage de Bl\u00e9, Orge et Ma\u00efs Industrie PROJET 2X600 T \/24H OCRIM SAWAMAEE AL GHILAL Industrie Construction de Moulin \u00e0 Farine 700T\/24H Industrie Moulin \u00e0 Farine 1200T Total Industrie Stockage d&#8217;Orge et de Malt Industrie Stockage de Bl\u00e9 et Orge Industrie Moulin \u00e0 Farine 350T\/24H Industrie D\u00e9chargeur de [&hellip;]<\/p>\n","protected":false},"author":1,"featured_media":0,"parent":0,"menu_order":0,"comment_status":"closed","ping_status":"closed","template":"elementor_header_footer","meta":{"footnotes":""},"class_list":["post-3739","page","type-page","status-publish","hentry"],"_links":{"self":[{"href":"https:\/\/remora.ma\/en\/wp-json\/wp\/v2\/pages\/3739","targetHints":{"allow":["GET"]}}],"collection":[{"href":"https:\/\/remora.ma\/en\/wp-json\/wp\/v2\/pages"}],"about":[{"href":"https:\/\/remora.ma\/en\/wp-json\/wp\/v2\/types\/page"}],"author":[{"embeddable":true,"href":"https:\/\/remora.ma\/en\/wp-json\/wp\/v2\/users\/1"}],"replies":[{"embeddable":true,"href":"https:\/\/remora.ma\/en\/wp-json\/wp\/v2\/comments?post=3739"}],"version-history":[{"count":13,"href":"https:\/\/remora.ma\/en\/wp-json\/wp\/v2\/pages\/3739\/revisions"}],"predecessor-version":[{"id":9016,"href":"https:\/\/remora.ma\/en\/wp-json\/wp\/v2\/pages\/3739\/revisions\/9016"}],"wp:attachment":[{"href":"https:\/\/remora.ma\/en\/wp-json\/wp\/v2\/media?parent=3739"}],"curies":[{"name":"wp","href":"https:\/\/api.w.org\/{rel}","templated":true}]}}